{"id":606,"date":"2025-04-06T04:21:17","date_gmt":"2025-04-06T02:21:17","guid":{"rendered":"http:\/\/localhost\/mipagina2\/?page_id=606"},"modified":"2025-05-02T21:37:34","modified_gmt":"2025-05-02T19:37:34","slug":"mision","status":"publish","type":"page","link":"https:\/\/solucionesyserviciosti.com\/?page_id=606","title":{"rendered":"MISI\u00d3N"},"content":{"rendered":"\n<blockquote class=\"wp-block-quote is-layout-flow wp-block-quote-is-layout-flow\">\n<ul class=\"wp-block-list\">\n<li class=\"has-pale-cyan-blue-background-color has-background\">Somos una organizaci\u00f3n comprometida con nuestros clientes, trabajamos con un capital humano excepcional, representando a los l\u00edderes de la industria tecnol\u00f3gica, para brinda el mejor servicio de mercado, proporcionamos a nuestros accionistas un retorno sobre la inversi\u00f3n consistente, con responsabilidad social y ambiental.<\/li>\n<\/ul>\n<\/blockquote>\n\n\n\n<p><\/p>\n","protected":false},"excerpt":{"rendered":"","protected":false},"author":1,"featured_media":0,"parent":0,"menu_order":0,"comment_status":"closed","ping_status":"closed","template":"","meta":{"footnotes":""},"class_list":["post-606","page","type-page","status-publish","hentry"],"blocksy_meta":[],"_links":{"self":[{"href":"https:\/\/solucionesyserviciosti.com\/index.php?rest_route=\/wp\/v2\/pages\/606","targetHints":{"allow":["GET"]}}],"collection":[{"href":"https:\/\/solucionesyserviciosti.com\/index.php?rest_route=\/wp\/v2\/pages"}],"about":[{"href":"https:\/\/solucionesyserviciosti.com\/index.php?rest_route=\/wp\/v2\/types\/page"}],"author":[{"embeddable":true,"href":"https:\/\/solucionesyserviciosti.com\/index.php?rest_route=\/wp\/v2\/users\/1"}],"replies":[{"embeddable":true,"href":"https:\/\/solucionesyserviciosti.com\/index.php?rest_route=%2Fwp%2Fv2%2Fcomments&post=606"}],"version-history":[{"count":5,"href":"https:\/\/solucionesyserviciosti.com\/index.php?rest_route=\/wp\/v2\/pages\/606\/revisions"}],"predecessor-version":[{"id":800,"href":"https:\/\/solucionesyserviciosti.com\/index.php?rest_route=\/wp\/v2\/pages\/606\/revisions\/800"}],"wp:attachment":[{"href":"https:\/\/solucionesyserviciosti.com\/index.php?rest_route=%2Fwp%2Fv2%2Fmedia&parent=606"}],"curies":[{"name":"wp","href":"https:\/\/api.w.org\/{rel}","templated":true}]}}